{"id":7780,"date":"2020-06-26T15:52:24","date_gmt":"2020-06-26T13:52:24","guid":{"rendered":"https:\/\/www.felice-cortes.com\/?page_id=7780"},"modified":"2021-01-14T18:04:13","modified_gmt":"2021-01-14T17:04:13","slug":"hinterhofkonzerte","status":"publish","type":"page","link":"https:\/\/www.felice-cortes.com\/en\/hinterhofkonzerte\/","title":{"rendered":"Hinterhofkonzerte"},"content":{"rendered":"<style type=\"text\/css\"> \n#cmsms_row_69e0c58c719745_70306992 .cmsms_row_outer_parent { \n\tpadding-top: 0px; \n} \n\n#cmsms_row_69e0c58c719745_70306992 .cmsms_row_outer_parent { \n\tpadding-bottom: 50px; \n} \n\n<\/style><div id=\"cmsms_row_69e0c58c719745_70306992\" class=\"cmsms_row cmsms_color_scheme_default\">\n<div id=\"hinterhofkonzerte-slider\" class=\"cmsms_row_outer_parent\">\n<div class=\"cmsms_row_outer\">\n<div class=\"cmsms_row_inner\">\n<div class=\"cmsms_row_margin\">\n<div class=\"cmsms_column one_first\">\n<div class=\"cmsms_text\">\n<h2><em>Hinterhofkonzerte in sch\u00f6nster Alt-Berliner Tradition<\/em><\/h2>\n<p><strong><em>Fenster auf! Musik herein!<\/em><\/strong><\/p>\n<p>Felice &amp; Cortes haben f\u00fcr das Jahr 2020 viele tolle Angebote und Auftrittm\u00f6glichkeitenerhalten und w\u00e4ren eigentlich nach Florida (USA) um dort f\u00fcr 2 Monate zu gastieren. Auch nach China sollten die beiden gebucht werden. Doch durch das weltweite \u201eLuftanhalten\u201c ist nat\u00fcrlich alles zum Erliegen gekommen. Auch die Tatsache, dass den beiden ihr Tourbus, samt B\u00fchnenbild geklaut wurde, hat sie nicht aufgehalten.<\/p>\n<p>\u201e<strong>Jetzt erstrecht!\u201c<\/strong>&#8211; ist nun zum Motto geworden!<\/p>\n<p>In sch\u00f6nster Alt-Berliner Tradition: Die garantiert Abstands-sicheren Hinterhof-Konzerte von Felice &amp; Cortes. Die K\u00fcnstler kommen mit ihrem Schlagzeug-W\u00e4gelchen, Box und Mikrophon und singen eigene Lieder \/ souligen POP im Stil vonAlanis Morrisette, Adele, Alicia Keys, Kelly Clarkson, Janis Joplin und Tracy Chapman, Songs aus der Hippie-Zeit, nat\u00fcrlich auch Berliner Stra\u00dfenfeger wie\u201e<strong><em>Bolle reiste j\u00fcngst zu Pfingsten\u201c<\/em><\/strong>oder auch anr\u00fchrende Lieder wie\u201e<strong><em>Sag mir, wo die Blumen sind\u201c<\/em><\/strong> oder \u201eBlowin in the wind\u201c. Das Ganze wird vorgetragen mit gro\u00dfer Schauspielkunst und garniert mit artistischen Einlagen.<\/p>\n<p>\u201e<em>Wir wollen einfach weitermachen. Als K\u00fcnstler m\u00f6chte man die Menschen unterhalten, aber derzeit d\u00fcrfen wir das nicht. Dabei sehen wir es als unsere Aufgabe, in Zeiten von Distanz auch N\u00e4he herzustellen.\u201c<\/em><\/p>\n<p>Felice D\u00fcrrfeld, S\u00e4ngerin<\/p>\n<p><em>Die Hinterhofkonzerte sind einfach, in <strong>f\u00fcnf Schritten<\/strong><\/em> <em>organisiert \u00fcber <a href=\"mailto:booking@felice-cortes.com\">booking@felice-cortes.com<\/a>:<\/em><\/p>\n<ul>\n<li><em>Termin ausw\u00e4hlen, tags\u00fcber oder am fr\u00fchen Abend. Konzerte w\u00e4hrend der Mittagsruhe und ab 21 Uhr sind ausgeschlossen.<\/em><\/li>\n<li><em>Die Nachbarn\/Bewohner informieren<\/em>\u2013 <em>(Aush\u00e4nge, Fotos und Infos gibt es per Link von den K\u00fcnstlern)<\/em><\/li>\n<li><em>Kissen ins Fenster\/<\/em><\/li>\n<li><em>Konzert genie\u00dfen<\/em><\/li>\n<li><strong><em>Beutelchen\/ Umschlag mit Hutspende runterwerfen<\/em><\/strong><\/li>\n<\/ul>\n<\/div>\n<\/div>\n<\/div>\n<\/div>\n<\/div>\n<\/div>\n<\/div>\n\n","protected":false},"excerpt":{"rendered":"","protected":false},"author":1,"featured_media":0,"parent":0,"menu_order":0,"comment_status":"closed","ping_status":"closed","template":"","meta":{"footnotes":""},"class_list":["post-7780","page","type-page","status-publish","hentry"],"translation":{"provider":"WPGlobus","version":"3.0.0","language":"en","enabled_languages":["de","en"],"languages":{"de":{"title":true,"content":true,"excerpt":false},"en":{"title":false,"content":false,"excerpt":false}}},"yoast_head":"<!-- This site is optimized with the Yoast SEO plugin v23.9 - https:\/\/yoast.com\/wordpress\/plugins\/seo\/ -->\n<title>Hinterhofkonzerte - Felice &amp; Cortes Young<\/title>\n<meta name=\"robots\" content=\"index, follow, max-snippet:-1, max-image-preview:large, max-video-preview:-1\" \/>\n<link rel=\"canonical\" href=\"https:\/\/www.felice-cortes.com\/hinterhofkonzerte\/\" \/>\n<meta property=\"og:locale\" content=\"en_US\" \/>\n<meta property=\"og:type\" content=\"article\" \/>\n<meta property=\"og:title\" content=\"Hinterhofkonzerte - Felice &amp; Cortes Young\" \/>\n<meta property=\"og:url\" content=\"https:\/\/www.felice-cortes.com\/hinterhofkonzerte\/\" \/>\n<meta property=\"og:site_name\" content=\"Felice &amp; Cortes Young\" \/>\n<meta property=\"article:modified_time\" content=\"2021-01-14T17:04:13+00:00\" \/>\n<meta name=\"twitter:card\" content=\"summary_large_image\" \/>\n<meta name=\"twitter:label1\" content=\"Est. reading time\" \/>\n\t<meta name=\"twitter:data1\" content=\"2 minutes\" \/>\n<script type=\"application\/ld+json\" class=\"yoast-schema-graph\">{\"@context\":\"https:\/\/schema.org\",\"@graph\":[{\"@type\":\"WebPage\",\"@id\":\"https:\/\/www.felice-cortes.com\/hinterhofkonzerte\/\",\"url\":\"https:\/\/www.felice-cortes.com\/hinterhofkonzerte\/\",\"name\":\"Hinterhofkonzerte - Felice &amp; Cortes Young\",\"isPartOf\":{\"@id\":\"https:\/\/www.felice-cortes.com\/#website\"},\"datePublished\":\"2020-06-26T13:52:24+00:00\",\"dateModified\":\"2021-01-14T17:04:13+00:00\",\"breadcrumb\":{\"@id\":\"https:\/\/www.felice-cortes.com\/hinterhofkonzerte\/#breadcrumb\"},\"inLanguage\":\"en-US\",\"potentialAction\":[{\"@type\":\"ReadAction\",\"target\":[\"https:\/\/www.felice-cortes.com\/hinterhofkonzerte\/\"]}]},{\"@type\":\"BreadcrumbList\",\"@id\":\"https:\/\/www.felice-cortes.com\/hinterhofkonzerte\/#breadcrumb\",\"itemListElement\":[{\"@type\":\"ListItem\",\"position\":1,\"name\":\"Home\",\"item\":\"https:\/\/www.felice-cortes.com\/\"},{\"@type\":\"ListItem\",\"position\":2,\"name\":\"Hinterhofkonzerte\"}]},{\"@type\":\"WebSite\",\"@id\":\"https:\/\/www.felice-cortes.com\/#website\",\"url\":\"https:\/\/www.felice-cortes.com\/\",\"name\":\"Felice &amp; Cortes Young\",\"description\":\"Show Concerts &amp; more\",\"potentialAction\":[{\"@type\":\"SearchAction\",\"target\":{\"@type\":\"EntryPoint\",\"urlTemplate\":\"https:\/\/www.felice-cortes.com\/?s={search_term_string}\"},\"query-input\":{\"@type\":\"PropertyValueSpecification\",\"valueRequired\":true,\"valueName\":\"search_term_string\"}}],\"inLanguage\":\"en-US\"}]}<\/script>\n<!-- \/ Yoast SEO plugin. -->","yoast_head_json":{"title":"Hinterhofkonzerte - Felice &amp; Cortes Young","robots":{"index":"index","follow":"follow","max-snippet":"max-snippet:-1","max-image-preview":"max-image-preview:large","max-video-preview":"max-video-preview:-1"},"canonical":"https:\/\/www.felice-cortes.com\/hinterhofkonzerte\/","og_locale":"en_US","og_type":"article","og_title":"Hinterhofkonzerte - Felice &amp; Cortes Young","og_url":"https:\/\/www.felice-cortes.com\/hinterhofkonzerte\/","og_site_name":"Felice &amp; Cortes Young","article_modified_time":"2021-01-14T17:04:13+00:00","twitter_card":"summary_large_image","twitter_misc":{"Est. reading time":"2 minutes"},"schema":{"@context":"https:\/\/schema.org","@graph":[{"@type":"WebPage","@id":"https:\/\/www.felice-cortes.com\/hinterhofkonzerte\/","url":"https:\/\/www.felice-cortes.com\/hinterhofkonzerte\/","name":"Hinterhofkonzerte - Felice &amp; Cortes Young","isPartOf":{"@id":"https:\/\/www.felice-cortes.com\/#website"},"datePublished":"2020-06-26T13:52:24+00:00","dateModified":"2021-01-14T17:04:13+00:00","breadcrumb":{"@id":"https:\/\/www.felice-cortes.com\/hinterhofkonzerte\/#breadcrumb"},"inLanguage":"en-US","potentialAction":[{"@type":"ReadAction","target":["https:\/\/www.felice-cortes.com\/hinterhofkonzerte\/"]}]},{"@type":"BreadcrumbList","@id":"https:\/\/www.felice-cortes.com\/hinterhofkonzerte\/#breadcrumb","itemListElement":[{"@type":"ListItem","position":1,"name":"Home","item":"https:\/\/www.felice-cortes.com\/"},{"@type":"ListItem","position":2,"name":"Hinterhofkonzerte"}]},{"@type":"WebSite","@id":"https:\/\/www.felice-cortes.com\/#website","url":"https:\/\/www.felice-cortes.com\/","name":"Felice &amp; Cortes Young","description":"Show Concerts &amp; more","potentialAction":[{"@type":"SearchAction","target":{"@type":"EntryPoint","urlTemplate":"https:\/\/www.felice-cortes.com\/?s={search_term_string}"},"query-input":{"@type":"PropertyValueSpecification","valueRequired":true,"valueName":"search_term_string"}}],"inLanguage":"en-US"}]}},"_links":{"self":[{"href":"https:\/\/www.felice-cortes.com\/en\/wp-json\/wp\/v2\/pages\/7780","targetHints":{"allow":["GET"]}}],"collection":[{"href":"https:\/\/www.felice-cortes.com\/en\/wp-json\/wp\/v2\/pages"}],"about":[{"href":"https:\/\/www.felice-cortes.com\/en\/wp-json\/wp\/v2\/types\/page"}],"author":[{"embeddable":true,"href":"https:\/\/www.felice-cortes.com\/en\/wp-json\/wp\/v2\/users\/1"}],"replies":[{"embeddable":true,"href":"https:\/\/www.felice-cortes.com\/en\/wp-json\/wp\/v2\/comments?post=7780"}],"version-history":[{"count":18,"href":"https:\/\/www.felice-cortes.com\/en\/wp-json\/wp\/v2\/pages\/7780\/revisions"}],"predecessor-version":[{"id":7786,"href":"https:\/\/www.felice-cortes.com\/en\/wp-json\/wp\/v2\/pages\/7780\/revisions\/7786"}],"wp:attachment":[{"href":"https:\/\/www.felice-cortes.com\/en\/wp-json\/wp\/v2\/media?parent=7780"}],"curies":[{"name":"wp","href":"https:\/\/api.w.org\/{rel}","templated":true}]}}