{"id":8662,"date":"2021-03-05T14:56:41","date_gmt":"2021-03-05T13:56:41","guid":{"rendered":"https:\/\/www.felice-cortes.com\/?page_id=8662"},"modified":"2024-10-29T12:29:34","modified_gmt":"2024-10-29T11:29:34","slug":"i-sing-you-an-embrace","status":"publish","type":"page","link":"https:\/\/www.felice-cortes.com\/en\/i-sing-you-an-embrace\/","title":{"rendered":"I sing you an Embrace"},"content":{"rendered":"<style type=\"text\/css\"><\/style><div class=\"wp-block-media-text alignwide is-stacked-on-mobile\" style=\"grid-template-columns:40% auto\"><figure class=\"wp-block-media-text__media\"><img loading=\"lazy\" decoding=\"async\" width=\"800\" height=\"800\" src=\"https:\/\/www.felice-cortes.com\/wp-content\/uploads\/2021\/02\/Cover-I-sing-you-an-embrace-800.jpg\" alt=\"I sing you an embrace\" class=\"wp-image-8660 size-full\" srcset=\"https:\/\/www.felice-cortes.com\/wp-content\/uploads\/2021\/02\/Cover-I-sing-you-an-embrace-800.jpg 800w, https:\/\/www.felice-cortes.com\/wp-content\/uploads\/2021\/02\/Cover-I-sing-you-an-embrace-800-300x300.jpg 300w, https:\/\/www.felice-cortes.com\/wp-content\/uploads\/2021\/02\/Cover-I-sing-you-an-embrace-800-150x150.jpg 150w, https:\/\/www.felice-cortes.com\/wp-content\/uploads\/2021\/02\/Cover-I-sing-you-an-embrace-800-768x768.jpg 768w, https:\/\/www.felice-cortes.com\/wp-content\/uploads\/2021\/02\/Cover-I-sing-you-an-embrace-800-600x600.jpg 600w, https:\/\/www.felice-cortes.com\/wp-content\/uploads\/2021\/02\/Cover-I-sing-you-an-embrace-800-55x55.jpg 55w, https:\/\/www.felice-cortes.com\/wp-content\/uploads\/2021\/02\/Cover-I-sing-you-an-embrace-800-580x580.jpg 580w, https:\/\/www.felice-cortes.com\/wp-content\/uploads\/2021\/02\/Cover-I-sing-you-an-embrace-800-24x24.jpg 24w, https:\/\/www.felice-cortes.com\/wp-content\/uploads\/2021\/02\/Cover-I-sing-you-an-embrace-800-36x36.jpg 36w, https:\/\/www.felice-cortes.com\/wp-content\/uploads\/2021\/02\/Cover-I-sing-you-an-embrace-800-91x91.jpg 91w, https:\/\/www.felice-cortes.com\/wp-content\/uploads\/2021\/02\/Cover-I-sing-you-an-embrace-800-540x540.jpg 540w, https:\/\/www.felice-cortes.com\/wp-content\/uploads\/2021\/02\/Cover-I-sing-you-an-embrace-800-100x100.jpg 100w\" sizes=\"auto, (max-width: 800px) 100vw, 800px\" \/><\/figure><div class=\"wp-block-media-text__content\"><p>Wir leben in einer Zeit, in der wir alle angehalten sind uns sozial voneinander zu distanzieren. Dies ist wichtig und doch ist es f\u00fcr alle einfach lang schwer und eine Berg-und Talfahrt der Gef\u00fchle.<br><br>\u201e<em>H\u00e4tte ich gewusst, dass mir eine Umarmung so viel bedeutet, glaube mir Felice, ich hatte vor Corona, so viel mehr<\/em> <em>Menschen umarmt!\u201c<\/em> <br><br>Dieses Zitat eines Freundes war die Inspiration und der Ausl\u00f6ser f\u00fcr Felice, den Song \u201e<strong>I sing you<\/strong><em> <\/em><strong>an embrace\u201c <\/strong>zu schreiben.<em> <\/em><br><br>Geht es nicht gerade allen so oder so \u00e4hnlich, wie dem Freund von Felice? Und dies nicht nur hier in Deutschland, sondern fast \u00fcberall auf der Welt! Und w\u00e4re es nicht schon, wenn wir eine Umarmung an alle diejenigen schicken konnten, die wir lieben und die uns etwas bedeuten? Weil wir wissen, dass sie genau das gerade brauchen!<\/p><\/div><\/div><p><strong>Felice &amp; Cortes <\/strong>haben sich entschlossen, diesen Song zu einem globalen Projekt zu machen. Denn die Sehnsucht nach den kleinsten Dingen, die unseren Alltag lebenswert machen, ist in Italien genau so gro\u00df, wie in Schweden, in Japan ebenfalls, wie in den USA und in Brasilien, wie in Deutschland. <br><br>Das sind einige der Lander in denen Felice &amp; Cortes Musikerkollegen haben, mit den sie normalerweise auf Tournee sind und auf Festivals und Konzerten gemeinsam auftreten. <br><br>Doch \u00fcberall liegt das Berufsleben f\u00fcr die Musiker auf \u201eEis\u201c, dazu kommt die emotionale Kalte. Unsicherheit, Perspektivlosigkeit, finanzielle Note und vieles mehr! Dieser Song ist genau das, was jetzt von Telefon zu Telefon, von Lautsprechern zu Lautsprechern, von Radio zu Radio, vor allem von Mensch zu Mensch und von Herz zu Herz gehen muss. Eine musikalische Umarmung gespielt, komponiert, arrangiert und gesungen von \u00fcber 50 Musikern aus 8 Nationen. <br><br>Das Musikvideo zum Song wird \u2013 unter Mitwirkung aller beteiligter Musiker &#8211; ein zeitloser und ber\u00fchrender Clip, der Hoffnung und gute Laune verbreiten und ein L\u00e4cheln in die Gesichter der Menschen auf der ganzen Welt zaubern soll.<\/p><p><strong>Seien Sie Teil davon, wenn die Reise von \u201eI sing you an embrace\u201c am 10. Marz 2021 beginnen wird!<\/strong><\/p><p>Den Song k\u00f6nnt Ihr euch in <a href=\"https:\/\/www.felice-cortes.com\/produkt\/i-sing-you-an-embrace-song-download\/\">unserem Shop<\/a> kostenlos oder gegen eine frei w\u00e4hlbare Spende herunterladen.<\/p><h1 class=\"wp-block-heading\">Videos:<\/h1><h2 class=\"wp-block-heading\">I sing you an embrace &#8211; Felice &amp; Cortes and Friends<\/h2><figure class=\"wp-block-embed is-type-video is-provider-youtube wp-block-embed-youtube wp-embed-aspect-16-9 wp-has-aspect-ratio\"><div class=\"wp-block-embed__wrapper\">\n<iframe loading=\"lazy\" hcb-fetch-image-from=\"https:\/\/youtu.be\/Ong5hwMu2Tk\" title=\"I sing you an embrace  - Felice &amp; Cortes and Friends #Isyae\" width=\"1160\" height=\"653\" src=\"https:\/\/www.youtube.com\/embed\/Ong5hwMu2Tk?feature=oembed\" frameborder=\"0\" allow=\"accelerometer; autoplay; clipboard-write; encrypted-media; gyroscope; picture-in-picture; web-share\" referrerpolicy=\"strict-origin-when-cross-origin\" allowfullscreen><\/iframe>\n<\/div><\/figure><h2 class=\"wp-block-heading\">I sing you an embrace &#8211; ARTISTS SAY &#8220;HELLO&#8221;<\/h2><figure class=\"wp-block-embed is-type-video is-provider-youtube wp-block-embed-youtube wp-embed-aspect-16-9 wp-has-aspect-ratio\"><div class=\"wp-block-embed__wrapper\">\n<iframe loading=\"lazy\" hcb-fetch-image-from=\"https:\/\/www.youtube.com\/watch?v=KuBWgEMDET4\" title=\"I sing you an embrace - ARTISTS SAY &quot;HELLO&quot; -   #Isyae\" width=\"1160\" height=\"653\" src=\"https:\/\/www.youtube.com\/embed\/KuBWgEMDET4?feature=oembed\" frameborder=\"0\" allow=\"accelerometer; autoplay; clipboard-write; encrypted-media; gyroscope; picture-in-picture; web-share\" referrerpolicy=\"strict-origin-when-cross-origin\" allowfullscreen><\/iframe>\n<\/div><\/figure><h2 class=\"wp-block-heading\">I sing you an embrace &#8211; Orchestra Lyra Mojimiriana plays for #Isyae\u200b<\/h2><figure class=\"wp-block-embed is-type-video is-provider-youtube wp-block-embed-youtube wp-embed-aspect-16-9 wp-has-aspect-ratio\"><div class=\"wp-block-embed__wrapper\">\n<iframe loading=\"lazy\" hcb-fetch-image-from=\"https:\/\/www.youtube.com\/watch?v=4DvEFLjkbRQ\" title=\"I sing you an embrace - Orchestra Lyra Mojimiriana plays for #Isyae - 10 Days left\" width=\"1160\" height=\"653\" src=\"https:\/\/www.youtube.com\/embed\/4DvEFLjkbRQ?feature=oembed\" frameborder=\"0\" allow=\"accelerometer; autoplay; clipboard-write; encrypted-media; gyroscope; picture-in-picture; web-share\" referrerpolicy=\"strict-origin-when-cross-origin\" allowfullscreen><\/iframe>\n<\/div><\/figure><h2 class=\"wp-block-heading\">I sing you an embrace &#8211; Felice &amp; Cortes<\/h2><figure class=\"wp-block-embed is-type-video is-provider-youtube wp-block-embed-youtube wp-embed-aspect-16-9 wp-has-aspect-ratio\"><div class=\"wp-block-embed__wrapper\">\n<iframe loading=\"lazy\" hcb-fetch-image-from=\"https:\/\/www.youtube.com\/watch?v=MppPu0UHqTI&amp;t=9s\" title=\"I sing you an embrace -  Felice &amp; Cortes explain the project #Isyae\" width=\"1160\" height=\"653\" src=\"https:\/\/www.youtube.com\/embed\/MppPu0UHqTI?start=9&#038;feature=oembed\" frameborder=\"0\" allow=\"accelerometer; autoplay; clipboard-write; encrypted-media; gyroscope; picture-in-picture; web-share\" referrerpolicy=\"strict-origin-when-cross-origin\" allowfullscreen><\/iframe>\n<\/div><\/figure>","protected":false},"excerpt":{"rendered":"<p>Wir leben in einer Zeit, in der wir alle angehalten sind uns sozial voneinander zu distanzieren. Dies ist wichtig und doch ist es f\u00fcr alle einfach lang schwer und eine Berg-und Talfahrt der Gef\u00fchle. \u201eH\u00e4tte ich gewusst, dass mir eine Umarmung so viel bedeutet, glaube mir Felice, ich hatte vor Corona, so viel mehr Menschen&#8230;<\/p>\n","protected":false},"author":1,"featured_media":8660,"parent":0,"menu_order":0,"comment_status":"closed","ping_status":"closed","template":"","meta":{"footnotes":""},"class_list":["post-8662","page","type-page","status-publish","has-post-thumbnail","hentry"],"translation":{"provider":"WPGlobus","version":"3.0.0","language":"en","enabled_languages":["de","en"],"languages":{"de":{"title":true,"content":true,"excerpt":false},"en":{"title":true,"content":true,"excerpt":false}}},"yoast_head":"<!-- This site is optimized with the Yoast SEO plugin v23.9 - https:\/\/yoast.com\/wordpress\/plugins\/seo\/ -->\n<title>I sing you an Embrace - Felice &amp; Cortes Young<\/title>\n<meta name=\"robots\" content=\"index, follow, max-snippet:-1, max-image-preview:large, max-video-preview:-1\" \/>\n<link rel=\"canonical\" href=\"https:\/\/www.felice-cortes.com\/i-sing-you-an-embrace\/\" \/>\n<meta property=\"og:locale\" content=\"en_US\" \/>\n<meta property=\"og:type\" content=\"article\" \/>\n<meta property=\"og:title\" content=\"I sing you an Embrace - Felice &amp; Cortes Young\" \/>\n<meta property=\"og:url\" content=\"https:\/\/www.felice-cortes.com\/i-sing-you-an-embrace\/\" \/>\n<meta property=\"og:site_name\" content=\"Felice &amp; Cortes Young\" \/>\n<meta property=\"article:modified_time\" content=\"2024-10-29T11:29:34+00:00\" \/>\n<meta property=\"og:image\" content=\"https:\/\/www.felice-cortes.com\/wp-content\/uploads\/2021\/02\/Cover-I-sing-you-an-embrace-800.jpg\" \/>\n\t<meta property=\"og:image:width\" content=\"800\" \/>\n\t<meta property=\"og:image:height\" content=\"800\" \/>\n\t<meta property=\"og:image:type\" content=\"image\/jpeg\" \/>\n<meta name=\"twitter:card\" content=\"summary_large_image\" \/>\n<meta name=\"twitter:label1\" content=\"Est. reading time\" \/>\n\t<meta name=\"twitter:data1\" content=\"2 minutes\" \/>\n<script type=\"application\/ld+json\" class=\"yoast-schema-graph\">{\"@context\":\"https:\/\/schema.org\",\"@graph\":[{\"@type\":\"WebPage\",\"@id\":\"https:\/\/www.felice-cortes.com\/i-sing-you-an-embrace\/\",\"url\":\"https:\/\/www.felice-cortes.com\/i-sing-you-an-embrace\/\",\"name\":\"I sing you an Embrace - Felice &amp; Cortes Young\",\"isPartOf\":{\"@id\":\"https:\/\/www.felice-cortes.com\/#website\"},\"primaryImageOfPage\":{\"@id\":\"https:\/\/www.felice-cortes.com\/i-sing-you-an-embrace\/#primaryimage\"},\"image\":{\"@id\":\"https:\/\/www.felice-cortes.com\/i-sing-you-an-embrace\/#primaryimage\"},\"thumbnailUrl\":\"https:\/\/www.felice-cortes.com\/wp-content\/uploads\/2021\/02\/Cover-I-sing-you-an-embrace-800.jpg\",\"datePublished\":\"2021-03-05T13:56:41+00:00\",\"dateModified\":\"2024-10-29T11:29:34+00:00\",\"breadcrumb\":{\"@id\":\"https:\/\/www.felice-cortes.com\/i-sing-you-an-embrace\/#breadcrumb\"},\"inLanguage\":\"en-US\",\"potentialAction\":[{\"@type\":\"ReadAction\",\"target\":[\"https:\/\/www.felice-cortes.com\/i-sing-you-an-embrace\/\"]}]},{\"@type\":\"ImageObject\",\"inLanguage\":\"en-US\",\"@id\":\"https:\/\/www.felice-cortes.com\/i-sing-you-an-embrace\/#primaryimage\",\"url\":\"https:\/\/www.felice-cortes.com\/wp-content\/uploads\/2021\/02\/Cover-I-sing-you-an-embrace-800.jpg\",\"contentUrl\":\"https:\/\/www.felice-cortes.com\/wp-content\/uploads\/2021\/02\/Cover-I-sing-you-an-embrace-800.jpg\",\"width\":800,\"height\":800,\"caption\":\"I sing you an embrace\"},{\"@type\":\"BreadcrumbList\",\"@id\":\"https:\/\/www.felice-cortes.com\/i-sing-you-an-embrace\/#breadcrumb\",\"itemListElement\":[{\"@type\":\"ListItem\",\"position\":1,\"name\":\"Home\",\"item\":\"https:\/\/www.felice-cortes.com\/\"},{\"@type\":\"ListItem\",\"position\":2,\"name\":\"I sing you an Embrace\"}]},{\"@type\":\"WebSite\",\"@id\":\"https:\/\/www.felice-cortes.com\/#website\",\"url\":\"https:\/\/www.felice-cortes.com\/\",\"name\":\"Felice &amp; Cortes Young\",\"description\":\"Show Concerts &amp; more\",\"potentialAction\":[{\"@type\":\"SearchAction\",\"target\":{\"@type\":\"EntryPoint\",\"urlTemplate\":\"https:\/\/www.felice-cortes.com\/?s={search_term_string}\"},\"query-input\":{\"@type\":\"PropertyValueSpecification\",\"valueRequired\":true,\"valueName\":\"search_term_string\"}}],\"inLanguage\":\"en-US\"}]}<\/script>\n<!-- \/ Yoast SEO plugin. -->","yoast_head_json":{"title":"I sing you an Embrace - Felice &amp; Cortes Young","robots":{"index":"index","follow":"follow","max-snippet":"max-snippet:-1","max-image-preview":"max-image-preview:large","max-video-preview":"max-video-preview:-1"},"canonical":"https:\/\/www.felice-cortes.com\/i-sing-you-an-embrace\/","og_locale":"en_US","og_type":"article","og_title":"I sing you an Embrace - Felice &amp; Cortes Young","og_url":"https:\/\/www.felice-cortes.com\/i-sing-you-an-embrace\/","og_site_name":"Felice &amp; Cortes Young","article_modified_time":"2024-10-29T11:29:34+00:00","og_image":[{"width":800,"height":800,"url":"https:\/\/www.felice-cortes.com\/wp-content\/uploads\/2021\/02\/Cover-I-sing-you-an-embrace-800.jpg","type":"image\/jpeg"}],"twitter_card":"summary_large_image","twitter_misc":{"Est. reading time":"2 minutes"},"schema":{"@context":"https:\/\/schema.org","@graph":[{"@type":"WebPage","@id":"https:\/\/www.felice-cortes.com\/i-sing-you-an-embrace\/","url":"https:\/\/www.felice-cortes.com\/i-sing-you-an-embrace\/","name":"I sing you an Embrace - Felice &amp; Cortes Young","isPartOf":{"@id":"https:\/\/www.felice-cortes.com\/#website"},"primaryImageOfPage":{"@id":"https:\/\/www.felice-cortes.com\/i-sing-you-an-embrace\/#primaryimage"},"image":{"@id":"https:\/\/www.felice-cortes.com\/i-sing-you-an-embrace\/#primaryimage"},"thumbnailUrl":"https:\/\/www.felice-cortes.com\/wp-content\/uploads\/2021\/02\/Cover-I-sing-you-an-embrace-800.jpg","datePublished":"2021-03-05T13:56:41+00:00","dateModified":"2024-10-29T11:29:34+00:00","breadcrumb":{"@id":"https:\/\/www.felice-cortes.com\/i-sing-you-an-embrace\/#breadcrumb"},"inLanguage":"en-US","potentialAction":[{"@type":"ReadAction","target":["https:\/\/www.felice-cortes.com\/i-sing-you-an-embrace\/"]}]},{"@type":"ImageObject","inLanguage":"en-US","@id":"https:\/\/www.felice-cortes.com\/i-sing-you-an-embrace\/#primaryimage","url":"https:\/\/www.felice-cortes.com\/wp-content\/uploads\/2021\/02\/Cover-I-sing-you-an-embrace-800.jpg","contentUrl":"https:\/\/www.felice-cortes.com\/wp-content\/uploads\/2021\/02\/Cover-I-sing-you-an-embrace-800.jpg","width":800,"height":800,"caption":"I sing you an embrace"},{"@type":"BreadcrumbList","@id":"https:\/\/www.felice-cortes.com\/i-sing-you-an-embrace\/#breadcrumb","itemListElement":[{"@type":"ListItem","position":1,"name":"Home","item":"https:\/\/www.felice-cortes.com\/"},{"@type":"ListItem","position":2,"name":"I sing you an Embrace"}]},{"@type":"WebSite","@id":"https:\/\/www.felice-cortes.com\/#website","url":"https:\/\/www.felice-cortes.com\/","name":"Felice &amp; Cortes Young","description":"Show Concerts &amp; more","potentialAction":[{"@type":"SearchAction","target":{"@type":"EntryPoint","urlTemplate":"https:\/\/www.felice-cortes.com\/?s={search_term_string}"},"query-input":{"@type":"PropertyValueSpecification","valueRequired":true,"valueName":"search_term_string"}}],"inLanguage":"en-US"}]}},"_links":{"self":[{"href":"https:\/\/www.felice-cortes.com\/en\/wp-json\/wp\/v2\/pages\/8662","targetHints":{"allow":["GET"]}}],"collection":[{"href":"https:\/\/www.felice-cortes.com\/en\/wp-json\/wp\/v2\/pages"}],"about":[{"href":"https:\/\/www.felice-cortes.com\/en\/wp-json\/wp\/v2\/types\/page"}],"author":[{"embeddable":true,"href":"https:\/\/www.felice-cortes.com\/en\/wp-json\/wp\/v2\/users\/1"}],"replies":[{"embeddable":true,"href":"https:\/\/www.felice-cortes.com\/en\/wp-json\/wp\/v2\/comments?post=8662"}],"version-history":[{"count":14,"href":"https:\/\/www.felice-cortes.com\/en\/wp-json\/wp\/v2\/pages\/8662\/revisions"}],"predecessor-version":[{"id":10079,"href":"https:\/\/www.felice-cortes.com\/en\/wp-json\/wp\/v2\/pages\/8662\/revisions\/10079"}],"wp:featuredmedia":[{"embeddable":true,"href":"https:\/\/www.felice-cortes.com\/en\/wp-json\/wp\/v2\/media\/8660"}],"wp:attachment":[{"href":"https:\/\/www.felice-cortes.com\/en\/wp-json\/wp\/v2\/media?parent=8662"}],"curies":[{"name":"wp","href":"https:\/\/api.w.org\/{rel}","templated":true}]}}