{"id":9082,"date":"2022-02-13T16:44:10","date_gmt":"2022-02-13T15:44:10","guid":{"rendered":"https:\/\/www.felice-cortes.com\/?page_id=9082"},"modified":"2025-07-09T18:55:16","modified_gmt":"2025-07-09T16:55:16","slug":"bus-stop-stories","status":"publish","type":"page","link":"https:\/\/www.felice-cortes.com\/en\/bus-stop-stories\/","title":{"rendered":"Bus Stop Stories"},"content":{"rendered":"<style type=\"text\/css\"><\/style><div class=\"wp-block-image is-style-default\"><figure class=\"aligncenter size-large\"><img loading=\"lazy\" decoding=\"async\" width=\"1024\" height=\"449\" src=\"https:\/\/www.felice-cortes.com\/wp-content\/uploads\/2022\/04\/Logo-Bus-Stop-Stories-pos-1024x449.png\" alt=\"\" class=\"wp-image-9180\" srcset=\"https:\/\/www.felice-cortes.com\/wp-content\/uploads\/2022\/04\/Logo-Bus-Stop-Stories-pos-1024x449.png 1024w, https:\/\/www.felice-cortes.com\/wp-content\/uploads\/2022\/04\/Logo-Bus-Stop-Stories-pos-300x132.png 300w, https:\/\/www.felice-cortes.com\/wp-content\/uploads\/2022\/04\/Logo-Bus-Stop-Stories-pos-768x337.png 768w, https:\/\/www.felice-cortes.com\/wp-content\/uploads\/2022\/04\/Logo-Bus-Stop-Stories-pos-600x263.png 600w, https:\/\/www.felice-cortes.com\/wp-content\/uploads\/2022\/04\/Logo-Bus-Stop-Stories-pos-1536x674.png 1536w, https:\/\/www.felice-cortes.com\/wp-content\/uploads\/2022\/04\/Logo-Bus-Stop-Stories-pos-580x255.png 580w, https:\/\/www.felice-cortes.com\/wp-content\/uploads\/2022\/04\/Logo-Bus-Stop-Stories-pos-860x377.png 860w, https:\/\/www.felice-cortes.com\/wp-content\/uploads\/2022\/04\/Logo-Bus-Stop-Stories-pos-1160x509.png 1160w, https:\/\/www.felice-cortes.com\/wp-content\/uploads\/2022\/04\/Logo-Bus-Stop-Stories-pos-24x11.png 24w, https:\/\/www.felice-cortes.com\/wp-content\/uploads\/2022\/04\/Logo-Bus-Stop-Stories-pos-36x16.png 36w, https:\/\/www.felice-cortes.com\/wp-content\/uploads\/2022\/04\/Logo-Bus-Stop-Stories-pos-114x50.png 114w, https:\/\/www.felice-cortes.com\/wp-content\/uploads\/2022\/04\/Logo-Bus-Stop-Stories-pos.png 1711w\" sizes=\"auto, (max-width: 1024px) 100vw, 1024px\" \/><\/figure><\/div><p><\/p><div class=\"wp-block-columns is-layout-flex wp-container-core-columns-is-layout-1 wp-block-columns-is-layout-flex\"><div class=\"wp-block-column is-layout-flow wp-block-column-is-layout-flow\" style=\"flex-basis:33.33%\"><figure class=\"wp-block-image size-large is-style-default\"><img loading=\"lazy\" decoding=\"async\" width=\"1024\" height=\"1024\" src=\"https:\/\/www.felice-cortes.com\/wp-content\/uploads\/2024\/07\/Felice-Cortes-__-Bus-Stop-Stories-__-2024-__-Tim-Schemmink-1-1024x1024.jpg\" alt=\"\" class=\"wp-image-10001\" srcset=\"https:\/\/www.felice-cortes.com\/wp-content\/uploads\/2024\/07\/Felice-Cortes-__-Bus-Stop-Stories-__-2024-__-Tim-Schemmink-1-1024x1024.jpg 1024w, https:\/\/www.felice-cortes.com\/wp-content\/uploads\/2024\/07\/Felice-Cortes-__-Bus-Stop-Stories-__-2024-__-Tim-Schemmink-1-300x300.jpg 300w, https:\/\/www.felice-cortes.com\/wp-content\/uploads\/2024\/07\/Felice-Cortes-__-Bus-Stop-Stories-__-2024-__-Tim-Schemmink-1-150x150.jpg 150w, https:\/\/www.felice-cortes.com\/wp-content\/uploads\/2024\/07\/Felice-Cortes-__-Bus-Stop-Stories-__-2024-__-Tim-Schemmink-1-768x768.jpg 768w, https:\/\/www.felice-cortes.com\/wp-content\/uploads\/2024\/07\/Felice-Cortes-__-Bus-Stop-Stories-__-2024-__-Tim-Schemmink-1-1536x1536.jpg 1536w, https:\/\/www.felice-cortes.com\/wp-content\/uploads\/2024\/07\/Felice-Cortes-__-Bus-Stop-Stories-__-2024-__-Tim-Schemmink-1-2048x2048.jpg 2048w, https:\/\/www.felice-cortes.com\/wp-content\/uploads\/2024\/07\/Felice-Cortes-__-Bus-Stop-Stories-__-2024-__-Tim-Schemmink-1-55x55.jpg 55w, https:\/\/www.felice-cortes.com\/wp-content\/uploads\/2024\/07\/Felice-Cortes-__-Bus-Stop-Stories-__-2024-__-Tim-Schemmink-1-580x580.jpg 580w, https:\/\/www.felice-cortes.com\/wp-content\/uploads\/2024\/07\/Felice-Cortes-__-Bus-Stop-Stories-__-2024-__-Tim-Schemmink-1-860x860.jpg 860w, https:\/\/www.felice-cortes.com\/wp-content\/uploads\/2024\/07\/Felice-Cortes-__-Bus-Stop-Stories-__-2024-__-Tim-Schemmink-1-1160x1160.jpg 1160w, https:\/\/www.felice-cortes.com\/wp-content\/uploads\/2024\/07\/Felice-Cortes-__-Bus-Stop-Stories-__-2024-__-Tim-Schemmink-1-24x24.jpg 24w, https:\/\/www.felice-cortes.com\/wp-content\/uploads\/2024\/07\/Felice-Cortes-__-Bus-Stop-Stories-__-2024-__-Tim-Schemmink-1-36x36.jpg 36w, https:\/\/www.felice-cortes.com\/wp-content\/uploads\/2024\/07\/Felice-Cortes-__-Bus-Stop-Stories-__-2024-__-Tim-Schemmink-1-91x91.jpg 91w, https:\/\/www.felice-cortes.com\/wp-content\/uploads\/2024\/07\/Felice-Cortes-__-Bus-Stop-Stories-__-2024-__-Tim-Schemmink-1-540x540.jpg 540w, https:\/\/www.felice-cortes.com\/wp-content\/uploads\/2024\/07\/Felice-Cortes-__-Bus-Stop-Stories-__-2024-__-Tim-Schemmink-1-600x600.jpg 600w, https:\/\/www.felice-cortes.com\/wp-content\/uploads\/2024\/07\/Felice-Cortes-__-Bus-Stop-Stories-__-2024-__-Tim-Schemmink-1-100x100.jpg 100w\" sizes=\"auto, (max-width: 1024px) 100vw, 1024px\" \/><\/figure><\/div>\n\n<div class=\"wp-block-column is-layout-flow wp-block-column-is-layout-flow\" style=\"flex-basis:66.66%\"><p>Bei einer spektakul\u00e4ren Bus-Panne begegnen sich Busfahrer Cortes und die Stra\u00dfenmusikerin Felice. Es werden die Geschichten der Fahrg\u00e4ste, der Stadt und der Passanten erz\u00e4hlt. Das Publikum erlebt den Sch\u00fclerlotsen mit einer virtuosen Kellenjonglage, einen Zebrastreifen-Tanz, witzige Busgespr\u00e4che, den Nachtbus mit Schlagzeug auf dem Oberdeck und vieles mehr. Auf ihre ganz besondere Art und Weise verzaubern Felice &amp; Cortes ihr Publikum mit ihrer neuen und mittlerweile dritten Showproduktion. Die einzigartigen Elemente aus Live &#8211; Musik, Artistik und Poesie werden verbunden zu einem unvergesslichen Erlebnis f\u00fcr In- und Outdoor Veranstaltungen.<\/p>\n\n<p>Erlebe diese zauberhafte Welt, die uns den Alltag mit anderen Augen sehen l\u00e4sst!<br>Bleibt nur noch zu fragen: &#8220;Wer m\u00f6chte mitfahren?&#8221;<\/p>\n\n<p>&#8212;&#8212;&#8212;&#8212;&#8212;&#8212;&#8212;&#8212;&#8212;&#8212;&#8212;&#8212;&#8212;&#8212;&#8212;&#8211;<\/p>\n\n<p>40 Minuten<br>Familienfreundlich<br>Open-Air &amp; im Theater spielbar<br><br>Regie: Daniel Brockhaus<\/p><\/div><\/div><hr class=\"wp-block-separator has-alpha-channel-opacity\"\/><h2 class=\"wp-block-heading\">Offizieller Trailer: Bus Stop Stories by Felice &amp; Cortes <\/h2><figure class=\"wp-block-embed is-type-video is-provider-youtube wp-block-embed-youtube wp-embed-aspect-16-9 wp-has-aspect-ratio\"><div class=\"wp-block-embed__wrapper\">\n<iframe loading=\"lazy\" hcb-fetch-image-from=\"https:\/\/youtu.be\/sfqEg91jnXg\" title=\"Bus Stop Stories by Felice &amp; Cortes - Showtrailer 2024\" width=\"1160\" height=\"653\" src=\"https:\/\/www.youtube.com\/embed\/sfqEg91jnXg?feature=oembed\" frameborder=\"0\" allow=\"accelerometer; autoplay; clipboard-write; encrypted-media; gyroscope; picture-in-picture; web-share\" referrerpolicy=\"strict-origin-when-cross-origin\" allowfullscreen><\/iframe>\n<\/div><\/figure><h2 class=\"wp-block-heading has-text-align-center\">Bus Stop Stories &#8211; Trailer von 2023:<\/h2><figure class=\"wp-block-embed is-type-video is-provider-youtube wp-block-embed-youtube wp-embed-aspect-16-9 wp-has-aspect-ratio\"><div class=\"wp-block-embed__wrapper\">\n<iframe loading=\"lazy\" hcb-fetch-image-from=\"https:\/\/youtu.be\/gQXjTlZR3-c\" title=\"Bus Stop Stories - Trailer Felice &amp; Cortes\" width=\"1160\" height=\"653\" src=\"https:\/\/www.youtube.com\/embed\/gQXjTlZR3-c?feature=oembed\" frameborder=\"0\" allow=\"accelerometer; autoplay; clipboard-write; encrypted-media; gyroscope; picture-in-picture; web-share\" referrerpolicy=\"strict-origin-when-cross-origin\" allowfullscreen><\/iframe>\n<\/div><\/figure><hr class=\"wp-block-separator has-alpha-channel-opacity\"\/><div class=\"wp-block-columns is-layout-flex wp-container-core-columns-is-layout-2 wp-block-columns-is-layout-flex\"><div class=\"wp-block-column is-layout-flow wp-block-column-is-layout-flow\"><figure class=\"wp-block-image size-large is-resized\"><img loading=\"lazy\" decoding=\"async\" width=\"762\" height=\"736\" src=\"https:\/\/www.felice-cortes.com\/wp-content\/uploads\/2022\/02\/neustart_kultur.jpg\" alt=\"\" class=\"wp-image-9086\" style=\"width:139px;height:134px\" srcset=\"https:\/\/www.felice-cortes.com\/wp-content\/uploads\/2022\/02\/neustart_kultur.jpg 762w, https:\/\/www.felice-cortes.com\/wp-content\/uploads\/2022\/02\/neustart_kultur-300x290.jpg 300w, https:\/\/www.felice-cortes.com\/wp-content\/uploads\/2022\/02\/neustart_kultur-600x580.jpg 600w, https:\/\/www.felice-cortes.com\/wp-content\/uploads\/2022\/02\/neustart_kultur-580x560.jpg 580w, https:\/\/www.felice-cortes.com\/wp-content\/uploads\/2022\/02\/neustart_kultur-24x24.jpg 24w, https:\/\/www.felice-cortes.com\/wp-content\/uploads\/2022\/02\/neustart_kultur-36x36.jpg 36w, https:\/\/www.felice-cortes.com\/wp-content\/uploads\/2022\/02\/neustart_kultur-94x91.jpg 94w\" sizes=\"auto, (max-width: 762px) 100vw, 762px\" \/><\/figure><\/div>\n\n<div class=\"wp-block-column is-layout-flow wp-block-column-is-layout-flow\"><figure class=\"wp-block-image size-large is-resized\"><img loading=\"lazy\" decoding=\"async\" width=\"804\" height=\"310\" src=\"https:\/\/www.felice-cortes.com\/wp-content\/uploads\/2022\/02\/DTHG-Logo.png\" alt=\"\" class=\"wp-image-9084\" style=\"width:116px;height:44px\" srcset=\"https:\/\/www.felice-cortes.com\/wp-content\/uploads\/2022\/02\/DTHG-Logo.png 804w, https:\/\/www.felice-cortes.com\/wp-content\/uploads\/2022\/02\/DTHG-Logo-300x116.png 300w, https:\/\/www.felice-cortes.com\/wp-content\/uploads\/2022\/02\/DTHG-Logo-768x296.png 768w, https:\/\/www.felice-cortes.com\/wp-content\/uploads\/2022\/02\/DTHG-Logo-600x231.png 600w, https:\/\/www.felice-cortes.com\/wp-content\/uploads\/2022\/02\/DTHG-Logo-580x224.png 580w, https:\/\/www.felice-cortes.com\/wp-content\/uploads\/2022\/02\/DTHG-Logo-24x9.png 24w, https:\/\/www.felice-cortes.com\/wp-content\/uploads\/2022\/02\/DTHG-Logo-36x14.png 36w, https:\/\/www.felice-cortes.com\/wp-content\/uploads\/2022\/02\/DTHG-Logo-114x44.png 114w\" sizes=\"auto, (max-width: 804px) 100vw, 804px\" \/><\/figure><\/div>\n\n<div class=\"wp-block-column is-layout-flow wp-block-column-is-layout-flow\"><figure class=\"wp-block-image size-large is-resized\"><img loading=\"lazy\" decoding=\"async\" width=\"1024\" height=\"438\" src=\"https:\/\/www.felice-cortes.com\/wp-content\/uploads\/2022\/02\/BKM-Logo-1024x438.png\" alt=\"\" class=\"wp-image-9083\" style=\"width:197px;height:84px\" srcset=\"https:\/\/www.felice-cortes.com\/wp-content\/uploads\/2022\/02\/BKM-Logo-1024x438.png 1024w, https:\/\/www.felice-cortes.com\/wp-content\/uploads\/2022\/02\/BKM-Logo-300x128.png 300w, https:\/\/www.felice-cortes.com\/wp-content\/uploads\/2022\/02\/BKM-Logo-768x329.png 768w, https:\/\/www.felice-cortes.com\/wp-content\/uploads\/2022\/02\/BKM-Logo-600x257.png 600w, https:\/\/www.felice-cortes.com\/wp-content\/uploads\/2022\/02\/BKM-Logo-1536x657.png 1536w, https:\/\/www.felice-cortes.com\/wp-content\/uploads\/2022\/02\/BKM-Logo-580x248.png 580w, https:\/\/www.felice-cortes.com\/wp-content\/uploads\/2022\/02\/BKM-Logo-860x368.png 860w, https:\/\/www.felice-cortes.com\/wp-content\/uploads\/2022\/02\/BKM-Logo-1160x496.png 1160w, https:\/\/www.felice-cortes.com\/wp-content\/uploads\/2022\/02\/BKM-Logo-24x10.png 24w, https:\/\/www.felice-cortes.com\/wp-content\/uploads\/2022\/02\/BKM-Logo-36x15.png 36w, https:\/\/www.felice-cortes.com\/wp-content\/uploads\/2022\/02\/BKM-Logo-114x49.png 114w, https:\/\/www.felice-cortes.com\/wp-content\/uploads\/2022\/02\/BKM-Logo.png 1944w\" sizes=\"auto, (max-width: 1024px) 100vw, 1024px\" \/><\/figure><\/div><\/div>","protected":false},"excerpt":{"rendered":"<p>Bei einer spektakul\u00e4ren Bus-Panne begegnen sich Busfahrer Cortes und die Stra\u00dfenmusikerin Felice. Es werden die Geschichten der Fahrg\u00e4ste, der Stadt und der Passanten erz\u00e4hlt. Das Publikum erlebt den Sch\u00fclerlotsen mit einer virtuosen Kellenjonglage, einen Zebrastreifen-Tanz, witzige Busgespr\u00e4che, den Nachtbus mit Schlagzeug auf dem Oberdeck und vieles mehr. Auf ihre ganz besondere Art und Weise verzaubern&#8230;<\/p>\n","protected":false},"author":1,"featured_media":0,"parent":0,"menu_order":0,"comment_status":"closed","ping_status":"closed","template":"","meta":{"footnotes":""},"class_list":["post-9082","page","type-page","status-publish","hentry"],"translation":{"provider":"WPGlobus","version":"3.0.0","language":"en","enabled_languages":["de","en"],"languages":{"de":{"title":true,"content":true,"excerpt":false},"en":{"title":false,"content":false,"excerpt":false}}},"yoast_head":"<!-- This site is optimized with the Yoast SEO plugin v23.9 - https:\/\/yoast.com\/wordpress\/plugins\/seo\/ -->\n<title>Bus Stop Stories - Felice &amp; Cortes Young<\/title>\n<meta name=\"robots\" content=\"index, follow, max-snippet:-1, max-image-preview:large, max-video-preview:-1\" \/>\n<link rel=\"canonical\" href=\"https:\/\/www.felice-cortes.com\/bus-stop-stories\/\" \/>\n<meta property=\"og:locale\" content=\"en_US\" \/>\n<meta property=\"og:type\" content=\"article\" \/>\n<meta property=\"og:title\" content=\"Bus Stop Stories - Felice &amp; Cortes Young\" \/>\n<meta property=\"og:url\" content=\"https:\/\/www.felice-cortes.com\/bus-stop-stories\/\" \/>\n<meta property=\"og:site_name\" content=\"Felice &amp; Cortes Young\" \/>\n<meta property=\"article:modified_time\" content=\"2025-07-09T16:55:16+00:00\" \/>\n<meta property=\"og:image\" content=\"https:\/\/www.felice-cortes.com\/wp-content\/uploads\/2022\/04\/Logo-Bus-Stop-Stories-pos.png\" \/>\n\t<meta property=\"og:image:width\" content=\"1711\" \/>\n\t<meta property=\"og:image:height\" content=\"751\" \/>\n\t<meta property=\"og:image:type\" content=\"image\/png\" \/>\n<meta name=\"twitter:card\" content=\"summary_large_image\" \/>\n<meta name=\"twitter:label1\" content=\"Est. reading time\" \/>\n\t<meta name=\"twitter:data1\" content=\"2 minutes\" \/>\n<script type=\"application\/ld+json\" class=\"yoast-schema-graph\">{\"@context\":\"https:\/\/schema.org\",\"@graph\":[{\"@type\":\"WebPage\",\"@id\":\"https:\/\/www.felice-cortes.com\/bus-stop-stories\/\",\"url\":\"https:\/\/www.felice-cortes.com\/bus-stop-stories\/\",\"name\":\"Bus Stop Stories - Felice &amp; Cortes Young\",\"isPartOf\":{\"@id\":\"https:\/\/www.felice-cortes.com\/#website\"},\"primaryImageOfPage\":{\"@id\":\"https:\/\/www.felice-cortes.com\/bus-stop-stories\/#primaryimage\"},\"image\":{\"@id\":\"https:\/\/www.felice-cortes.com\/bus-stop-stories\/#primaryimage\"},\"thumbnailUrl\":\"https:\/\/www.felice-cortes.com\/wp-content\/uploads\/2022\/04\/Logo-Bus-Stop-Stories-pos-1024x449.png\",\"datePublished\":\"2022-02-13T15:44:10+00:00\",\"dateModified\":\"2025-07-09T16:55:16+00:00\",\"breadcrumb\":{\"@id\":\"https:\/\/www.felice-cortes.com\/bus-stop-stories\/#breadcrumb\"},\"inLanguage\":\"en-US\",\"potentialAction\":[{\"@type\":\"ReadAction\",\"target\":[\"https:\/\/www.felice-cortes.com\/bus-stop-stories\/\"]}]},{\"@type\":\"ImageObject\",\"inLanguage\":\"en-US\",\"@id\":\"https:\/\/www.felice-cortes.com\/bus-stop-stories\/#primaryimage\",\"url\":\"https:\/\/www.felice-cortes.com\/wp-content\/uploads\/2022\/04\/Logo-Bus-Stop-Stories-pos-1024x449.png\",\"contentUrl\":\"https:\/\/www.felice-cortes.com\/wp-content\/uploads\/2022\/04\/Logo-Bus-Stop-Stories-pos-1024x449.png\"},{\"@type\":\"BreadcrumbList\",\"@id\":\"https:\/\/www.felice-cortes.com\/bus-stop-stories\/#breadcrumb\",\"itemListElement\":[{\"@type\":\"ListItem\",\"position\":1,\"name\":\"Home\",\"item\":\"https:\/\/www.felice-cortes.com\/\"},{\"@type\":\"ListItem\",\"position\":2,\"name\":\"Bus Stop Stories\"}]},{\"@type\":\"WebSite\",\"@id\":\"https:\/\/www.felice-cortes.com\/#website\",\"url\":\"https:\/\/www.felice-cortes.com\/\",\"name\":\"Felice &amp; Cortes Young\",\"description\":\"Show Concerts &amp; more\",\"potentialAction\":[{\"@type\":\"SearchAction\",\"target\":{\"@type\":\"EntryPoint\",\"urlTemplate\":\"https:\/\/www.felice-cortes.com\/?s={search_term_string}\"},\"query-input\":{\"@type\":\"PropertyValueSpecification\",\"valueRequired\":true,\"valueName\":\"search_term_string\"}}],\"inLanguage\":\"en-US\"}]}<\/script>\n<!-- \/ Yoast SEO plugin. -->","yoast_head_json":{"title":"Bus Stop Stories - Felice &amp; Cortes Young","robots":{"index":"index","follow":"follow","max-snippet":"max-snippet:-1","max-image-preview":"max-image-preview:large","max-video-preview":"max-video-preview:-1"},"canonical":"https:\/\/www.felice-cortes.com\/bus-stop-stories\/","og_locale":"en_US","og_type":"article","og_title":"Bus Stop Stories - Felice &amp; Cortes Young","og_url":"https:\/\/www.felice-cortes.com\/bus-stop-stories\/","og_site_name":"Felice &amp; Cortes Young","article_modified_time":"2025-07-09T16:55:16+00:00","og_image":[{"width":1711,"height":751,"url":"https:\/\/www.felice-cortes.com\/wp-content\/uploads\/2022\/04\/Logo-Bus-Stop-Stories-pos.png","type":"image\/png"}],"twitter_card":"summary_large_image","twitter_misc":{"Est. reading time":"2 minutes"},"schema":{"@context":"https:\/\/schema.org","@graph":[{"@type":"WebPage","@id":"https:\/\/www.felice-cortes.com\/bus-stop-stories\/","url":"https:\/\/www.felice-cortes.com\/bus-stop-stories\/","name":"Bus Stop Stories - Felice &amp; Cortes Young","isPartOf":{"@id":"https:\/\/www.felice-cortes.com\/#website"},"primaryImageOfPage":{"@id":"https:\/\/www.felice-cortes.com\/bus-stop-stories\/#primaryimage"},"image":{"@id":"https:\/\/www.felice-cortes.com\/bus-stop-stories\/#primaryimage"},"thumbnailUrl":"https:\/\/www.felice-cortes.com\/wp-content\/uploads\/2022\/04\/Logo-Bus-Stop-Stories-pos-1024x449.png","datePublished":"2022-02-13T15:44:10+00:00","dateModified":"2025-07-09T16:55:16+00:00","breadcrumb":{"@id":"https:\/\/www.felice-cortes.com\/bus-stop-stories\/#breadcrumb"},"inLanguage":"en-US","potentialAction":[{"@type":"ReadAction","target":["https:\/\/www.felice-cortes.com\/bus-stop-stories\/"]}]},{"@type":"ImageObject","inLanguage":"en-US","@id":"https:\/\/www.felice-cortes.com\/bus-stop-stories\/#primaryimage","url":"https:\/\/www.felice-cortes.com\/wp-content\/uploads\/2022\/04\/Logo-Bus-Stop-Stories-pos-1024x449.png","contentUrl":"https:\/\/www.felice-cortes.com\/wp-content\/uploads\/2022\/04\/Logo-Bus-Stop-Stories-pos-1024x449.png"},{"@type":"BreadcrumbList","@id":"https:\/\/www.felice-cortes.com\/bus-stop-stories\/#breadcrumb","itemListElement":[{"@type":"ListItem","position":1,"name":"Home","item":"https:\/\/www.felice-cortes.com\/"},{"@type":"ListItem","position":2,"name":"Bus Stop Stories"}]},{"@type":"WebSite","@id":"https:\/\/www.felice-cortes.com\/#website","url":"https:\/\/www.felice-cortes.com\/","name":"Felice &amp; Cortes Young","description":"Show Concerts &amp; more","potentialAction":[{"@type":"SearchAction","target":{"@type":"EntryPoint","urlTemplate":"https:\/\/www.felice-cortes.com\/?s={search_term_string}"},"query-input":{"@type":"PropertyValueSpecification","valueRequired":true,"valueName":"search_term_string"}}],"inLanguage":"en-US"}]}},"_links":{"self":[{"href":"https:\/\/www.felice-cortes.com\/en\/wp-json\/wp\/v2\/pages\/9082","targetHints":{"allow":["GET"]}}],"collection":[{"href":"https:\/\/www.felice-cortes.com\/en\/wp-json\/wp\/v2\/pages"}],"about":[{"href":"https:\/\/www.felice-cortes.com\/en\/wp-json\/wp\/v2\/types\/page"}],"author":[{"embeddable":true,"href":"https:\/\/www.felice-cortes.com\/en\/wp-json\/wp\/v2\/users\/1"}],"replies":[{"embeddable":true,"href":"https:\/\/www.felice-cortes.com\/en\/wp-json\/wp\/v2\/comments?post=9082"}],"version-history":[{"count":20,"href":"https:\/\/www.felice-cortes.com\/en\/wp-json\/wp\/v2\/pages\/9082\/revisions"}],"predecessor-version":[{"id":10301,"href":"https:\/\/www.felice-cortes.com\/en\/wp-json\/wp\/v2\/pages\/9082\/revisions\/10301"}],"wp:attachment":[{"href":"https:\/\/www.felice-cortes.com\/en\/wp-json\/wp\/v2\/media?parent=9082"}],"curies":[{"name":"wp","href":"https:\/\/api.w.org\/{rel}","templated":true}]}}