{"id":9733,"date":"2023-11-07T19:38:40","date_gmt":"2023-11-07T18:38:40","guid":{"rendered":"https:\/\/www.felice-cortes.com\/?post_type=product&#038;p=9733"},"modified":"2023-11-08T11:19:16","modified_gmt":"2023-11-08T10:19:16","slug":"hold-together-now-2023","status":"publish","type":"product","link":"https:\/\/www.felice-cortes.com\/en\/produkt\/hold-together-now-2023\/","title":{"rendered":"Hold Together Now (2023)"},"content":{"rendered":"<style type=\"text\/css\"><\/style><p><strong>Hold Together Now<br \/>\n<\/strong>(engl. Zusammenhalten, jetzt!)<\/p>\n<p><strong>Zusammenhalt, Miteinander, Eins-Sein, Liebe, Frieden, Namast\u00e9, sich die H\u00e4nde reichen.<\/strong> Ein Satz, den S\u00e4ngerin Felice mit ihrem gleichnamigen Weihnachtssong gepr\u00e4gt hat. Sie appelliert mit der gro\u00dfen Soulpop Ballade an die Herzen der Menschen, wohlwollend und mitf\u00fchlend den Mitmenschen zu begegnen. Ein Blick in die Augen, ein L\u00e4cheln und eine Umarmung k\u00f6nnen den Tag ver\u00e4ndern und bewirken, dass wir uns \u201czusammen\u201d und weniger getrennt f\u00fchlen. Liebe und Licht kann jeder jeden Tag verbreiten und ist somit Botschafter einer friedlicheren Welt.<\/p>\n<p><img loading=\"lazy\" decoding=\"async\" class=\"alignnone size-large wp-image-9736\" src=\"https:\/\/www.felice-cortes.com\/wp-content\/uploads\/2023\/11\/Felice_Hold_Together_Now_Cover_Page_2-1024x1024.jpg\" alt=\"Felice - Hold Together Now - Cover Page 2\" width=\"1024\" height=\"1024\" srcset=\"https:\/\/www.felice-cortes.com\/wp-content\/uploads\/2023\/11\/Felice_Hold_Together_Now_Cover_Page_2-1024x1024.jpg 1024w, https:\/\/www.felice-cortes.com\/wp-content\/uploads\/2023\/11\/Felice_Hold_Together_Now_Cover_Page_2-300x300.jpg 300w, https:\/\/www.felice-cortes.com\/wp-content\/uploads\/2023\/11\/Felice_Hold_Together_Now_Cover_Page_2-150x150.jpg 150w, https:\/\/www.felice-cortes.com\/wp-content\/uploads\/2023\/11\/Felice_Hold_Together_Now_Cover_Page_2-768x768.jpg 768w, https:\/\/www.felice-cortes.com\/wp-content\/uploads\/2023\/11\/Felice_Hold_Together_Now_Cover_Page_2-1536x1536.jpg 1536w, https:\/\/www.felice-cortes.com\/wp-content\/uploads\/2023\/11\/Felice_Hold_Together_Now_Cover_Page_2-2048x2048.jpg 2048w, https:\/\/www.felice-cortes.com\/wp-content\/uploads\/2023\/11\/Felice_Hold_Together_Now_Cover_Page_2-55x55.jpg 55w, https:\/\/www.felice-cortes.com\/wp-content\/uploads\/2023\/11\/Felice_Hold_Together_Now_Cover_Page_2-580x580.jpg 580w, https:\/\/www.felice-cortes.com\/wp-content\/uploads\/2023\/11\/Felice_Hold_Together_Now_Cover_Page_2-860x860.jpg 860w, https:\/\/www.felice-cortes.com\/wp-content\/uploads\/2023\/11\/Felice_Hold_Together_Now_Cover_Page_2-1160x1160.jpg 1160w, https:\/\/www.felice-cortes.com\/wp-content\/uploads\/2023\/11\/Felice_Hold_Together_Now_Cover_Page_2-24x24.jpg 24w, https:\/\/www.felice-cortes.com\/wp-content\/uploads\/2023\/11\/Felice_Hold_Together_Now_Cover_Page_2-36x36.jpg 36w, https:\/\/www.felice-cortes.com\/wp-content\/uploads\/2023\/11\/Felice_Hold_Together_Now_Cover_Page_2-91x91.jpg 91w, https:\/\/www.felice-cortes.com\/wp-content\/uploads\/2023\/11\/Felice_Hold_Together_Now_Cover_Page_2-540x540.jpg 540w, https:\/\/www.felice-cortes.com\/wp-content\/uploads\/2023\/11\/Felice_Hold_Together_Now_Cover_Page_2-600x600.jpg 600w, https:\/\/www.felice-cortes.com\/wp-content\/uploads\/2023\/11\/Felice_Hold_Together_Now_Cover_Page_2-100x100.jpg 100w\" sizes=\"auto, (max-width: 1024px) 100vw, 1024px\" \/><\/p>\n<p><strong>Arranged and produced by:<\/strong><br \/>\nFelice &amp; Thommy Hein<\/p>\n<p><strong>Orchestra Version:<br \/>\n<\/strong>Performed by Orchestra Lyra Mojimiriana written by Maestro Carlos Lima<\/p>\n<p><strong>Special Credits:<\/strong><br \/>\nVitor Hugo<\/p>\n<p><strong>Lyrics:<br \/>\n<\/strong><\/p>\n<blockquote><p>Christmas Time\u00a0 \u00a0\u00a0\u00a0\u00a0\u00a0\u00a0\u00a0\u00a0\u00a0\u00a0\u00a0\u00a0\u00a0 I want you to <strong><u>know<\/u><\/strong>, I&#8217;m there<\/p>\n<p>My heart is full \u00a0\u00a0\u00a0\u00a0\u00a0\u00a0\u00a0\u00a0 Love is, what we share<\/p>\n<p>Christmas Time \u00a0\u00a0\u00a0\u00a0\u00a0\u00a0\u00a0\u00a0\u00a0\u00a0\u00a0\u00a0\u00a0\u00a0 Its about PEACE &amp; LIGHT<\/p>\n<p>Let your sorrows fly tonight<\/p>\n<p>I&#8217;m gonna pray for silence \u2013\u00a0 once a year<\/p>\n<p>Noone shall live\u00a0 ALONE \u00a0\u00a0\u00a0\u00a0\u00a0\u00a0\u00a0\u00a0\u00a0\u00a0\u00a0\u00a0 Noone shall live IN fear<\/p>\n<p>Let us hold together now\u00a0\u00a0\u00a0\u00a0\u00a0\u00a0\u00a0\u00a0\u00a0\u00a0\u00a0\u00a0\u00a0\u00a0\u00a0 <strong><u>ALL<\/u><\/strong> Together now<\/p>\n<p>Look into eachothers eyes and CELEBRATE good times<\/p>\n<p>Let us hold together now\u00a0\u00a0\u00a0\u00a0\u00a0\u00a0\u00a0\u00a0\u00a0\u00a0\u00a0\u00a0\u00a0\u00a0\u00a0 <strong><u>ALL<\/u><\/strong> Together now<\/p>\n<p>We are One and we are Friends<\/p>\n<p>AND THIS HOW \u00a0\u00a0\u00a0\u00a0\u00a0\u00a0\u00a0\u00a0\u00a0\u00a0\u00a0\u00a0\u00a0\u00a0\u00a0\u00a0\u00a0\u00a0\u00a0\u00a0\u00a0\u00a0\u00a0\u00a0 <strong><u>IT ALL BEGINS !<\/u><\/strong><\/p>\n<p>Let me know what I can do for you<\/p>\n<p>whatever feels right, even the tinest wish too!<\/p>\n<p>Well, Do you know about the things you can do<\/p>\n<p>Spread your love, and you&#8217;ll be giving too!<\/p>\n<p>PEACEFUL WARM and SILENT \u2013 once a year<\/p>\n<p>Noone shall REMAIN\u00a0\u00a0 UNLOVED\u00a0\u00a0 or live in fear<\/p>\n<p>Let us hold together now\u00a0\u00a0\u00a0\u00a0\u00a0\u00a0\u00a0\u00a0 <strong><u>ALL<\/u><\/strong> Together now<\/p>\n<p>Look into each others eyes and CELEBRATE good times<\/p>\n<p>Let us hold together now\u00a0\u00a0\u00a0\u00a0\u00a0\u00a0\u00a0\u00a0 <strong><u>ALL<\/u><\/strong> Together now<\/p>\n<p>We are One and we are Friends<\/p>\n<p>AND THIS HOW \u00a0\u00a0\u00a0\u00a0\u00a0\u00a0\u00a0\u00a0\u00a0\u00a0\u00a0\u00a0\u00a0\u00a0\u00a0\u00a0\u00a0\u00a0 <strong><u>IT ALL BEGINS !<\/u><\/strong><\/p>\n<p><strong><u>INSTRUMENTAL<\/u><\/strong><\/p>\n<p>Let us hold together now\u00a0\u00a0\u00a0\u00a0\u00a0\u00a0\u00a0\u00a0 <strong><u>ALL<\/u><\/strong> Together now<\/p>\n<p>Look into eachothers eyes and CELEBRATE good times<\/p>\n<p>Let us hold together now\u00a0\u00a0\u00a0\u00a0\u00a0\u00a0\u00a0\u00a0 <strong><u>ALL<\/u><\/strong> Together now<\/p>\n<p>We are One and we are Friends<\/p>\n<p><strong><u>AND THIS HOW \u00a0\u00a0\u00a0\u00a0\u00a0\u00a0\u00a0\u00a0\u00a0\u00a0\u00a0\u00a0\u00a0\u00a0\u00a0\u00a0 IT ALL BEGINS !<\/u><\/strong><\/p><\/blockquote>\n","protected":false},"excerpt":{"rendered":"<p>Music &amp; Lyrics by Felic.<\/p>\n<p>Includes a digital download. You can chose to only download the album and save shipping cost.<\/p>\n","protected":false},"featured_media":9735,"comment_status":"closed","ping_status":"closed","template":"","meta":[],"product_cat":[29],"product_tag":[],"class_list":{"0":"post-9733","1":"product","2":"type-product","3":"status-publish","4":"has-post-thumbnail","6":"product_cat-compact-disk","8":"first","9":"instock","10":"downloadable","11":"shipping-taxable","12":"purchasable","13":"product-type-simple"},"translation":{"provider":"WPGlobus","version":"3.0.0","language":"en","enabled_languages":["de","en"],"languages":{"de":{"title":true,"content":true,"excerpt":true},"en":{"title":false,"content":false,"excerpt":false}}},"yoast_head":"<!-- This site is optimized with the Yoast SEO plugin v23.9 - https:\/\/yoast.com\/wordpress\/plugins\/seo\/ -->\n<title>Hold Together Now (2023) - Felice &amp; Cortes Young<\/title>\n<meta name=\"robots\" content=\"index, follow, max-snippet:-1, max-image-preview:large, max-video-preview:-1\" \/>\n<link rel=\"canonical\" href=\"https:\/\/www.felice-cortes.com\/produkt\/hold-together-now-2023\/\" \/>\n<meta property=\"og:locale\" content=\"en_US\" \/>\n<meta property=\"og:type\" content=\"article\" \/>\n<meta property=\"og:title\" content=\"Hold Together Now (2023) - Felice &amp; Cortes Young\" \/>\n<meta property=\"og:url\" content=\"https:\/\/www.felice-cortes.com\/produkt\/hold-together-now-2023\/\" \/>\n<meta property=\"og:site_name\" content=\"Felice &amp; Cortes Young\" \/>\n<meta property=\"article:modified_time\" content=\"2023-11-08T10:19:16+00:00\" \/>\n<meta property=\"og:image\" content=\"https:\/\/www.felice-cortes.com\/wp-content\/uploads\/2023\/11\/Felice_Hold_Together_Now_Cover_Page_1-scaled.jpg\" \/>\n\t<meta property=\"og:image:width\" content=\"2560\" \/>\n\t<meta property=\"og:image:height\" content=\"2560\" \/>\n\t<meta property=\"og:image:type\" content=\"image\/jpeg\" \/>\n<meta name=\"twitter:card\" content=\"summary_large_image\" \/>\n<meta name=\"twitter:label1\" content=\"Est. reading time\" \/>\n\t<meta name=\"twitter:data1\" content=\"2 minutes\" \/>\n<script type=\"application\/ld+json\" class=\"yoast-schema-graph\">{\"@context\":\"https:\/\/schema.org\",\"@graph\":[{\"@type\":\"WebPage\",\"@id\":\"https:\/\/www.felice-cortes.com\/produkt\/hold-together-now-2023\/\",\"url\":\"https:\/\/www.felice-cortes.com\/produkt\/hold-together-now-2023\/\",\"name\":\"Hold Together Now (2023) - Felice &amp; Cortes Young\",\"isPartOf\":{\"@id\":\"https:\/\/www.felice-cortes.com\/#website\"},\"primaryImageOfPage\":{\"@id\":\"https:\/\/www.felice-cortes.com\/produkt\/hold-together-now-2023\/#primaryimage\"},\"image\":{\"@id\":\"https:\/\/www.felice-cortes.com\/produkt\/hold-together-now-2023\/#primaryimage\"},\"thumbnailUrl\":\"https:\/\/www.felice-cortes.com\/wp-content\/uploads\/2023\/11\/Felice_Hold_Together_Now_Cover_Page_1-scaled.jpg\",\"datePublished\":\"2023-11-07T18:38:40+00:00\",\"dateModified\":\"2023-11-08T10:19:16+00:00\",\"breadcrumb\":{\"@id\":\"https:\/\/www.felice-cortes.com\/produkt\/hold-together-now-2023\/#breadcrumb\"},\"inLanguage\":\"en-US\",\"potentialAction\":[{\"@type\":\"ReadAction\",\"target\":[\"https:\/\/www.felice-cortes.com\/produkt\/hold-together-now-2023\/\"]}]},{\"@type\":\"ImageObject\",\"inLanguage\":\"en-US\",\"@id\":\"https:\/\/www.felice-cortes.com\/produkt\/hold-together-now-2023\/#primaryimage\",\"url\":\"https:\/\/www.felice-cortes.com\/wp-content\/uploads\/2023\/11\/Felice_Hold_Together_Now_Cover_Page_1-scaled.jpg\",\"contentUrl\":\"https:\/\/www.felice-cortes.com\/wp-content\/uploads\/2023\/11\/Felice_Hold_Together_Now_Cover_Page_1-scaled.jpg\",\"width\":2560,\"height\":2560,\"caption\":\"Felice - Hold Together Now\"},{\"@type\":\"BreadcrumbList\",\"@id\":\"https:\/\/www.felice-cortes.com\/produkt\/hold-together-now-2023\/#breadcrumb\",\"itemListElement\":[{\"@type\":\"ListItem\",\"position\":1,\"name\":\"Home\",\"item\":\"https:\/\/www.felice-cortes.com\/\"},{\"@type\":\"ListItem\",\"position\":2,\"name\":\"Shop\",\"item\":\"https:\/\/www.felice-cortes.com\/shop\/\"},{\"@type\":\"ListItem\",\"position\":3,\"name\":\"Hold Together Now (2023)\"}]},{\"@type\":\"WebSite\",\"@id\":\"https:\/\/www.felice-cortes.com\/#website\",\"url\":\"https:\/\/www.felice-cortes.com\/\",\"name\":\"Felice &amp; Cortes Young\",\"description\":\"Show Concerts &amp; more\",\"potentialAction\":[{\"@type\":\"SearchAction\",\"target\":{\"@type\":\"EntryPoint\",\"urlTemplate\":\"https:\/\/www.felice-cortes.com\/?s={search_term_string}\"},\"query-input\":{\"@type\":\"PropertyValueSpecification\",\"valueRequired\":true,\"valueName\":\"search_term_string\"}}],\"inLanguage\":\"en-US\"}]}<\/script>\n<!-- \/ Yoast SEO plugin. -->","yoast_head_json":{"title":"Hold Together Now (2023) - Felice &amp; Cortes Young","robots":{"index":"index","follow":"follow","max-snippet":"max-snippet:-1","max-image-preview":"max-image-preview:large","max-video-preview":"max-video-preview:-1"},"canonical":"https:\/\/www.felice-cortes.com\/produkt\/hold-together-now-2023\/","og_locale":"en_US","og_type":"article","og_title":"Hold Together Now (2023) - Felice &amp; Cortes Young","og_url":"https:\/\/www.felice-cortes.com\/produkt\/hold-together-now-2023\/","og_site_name":"Felice &amp; Cortes Young","article_modified_time":"2023-11-08T10:19:16+00:00","og_image":[{"width":2560,"height":2560,"url":"https:\/\/www.felice-cortes.com\/wp-content\/uploads\/2023\/11\/Felice_Hold_Together_Now_Cover_Page_1-scaled.jpg","type":"image\/jpeg"}],"twitter_card":"summary_large_image","twitter_misc":{"Est. reading time":"2 minutes"},"schema":{"@context":"https:\/\/schema.org","@graph":[{"@type":"WebPage","@id":"https:\/\/www.felice-cortes.com\/produkt\/hold-together-now-2023\/","url":"https:\/\/www.felice-cortes.com\/produkt\/hold-together-now-2023\/","name":"Hold Together Now (2023) - Felice &amp; Cortes Young","isPartOf":{"@id":"https:\/\/www.felice-cortes.com\/#website"},"primaryImageOfPage":{"@id":"https:\/\/www.felice-cortes.com\/produkt\/hold-together-now-2023\/#primaryimage"},"image":{"@id":"https:\/\/www.felice-cortes.com\/produkt\/hold-together-now-2023\/#primaryimage"},"thumbnailUrl":"https:\/\/www.felice-cortes.com\/wp-content\/uploads\/2023\/11\/Felice_Hold_Together_Now_Cover_Page_1-scaled.jpg","datePublished":"2023-11-07T18:38:40+00:00","dateModified":"2023-11-08T10:19:16+00:00","breadcrumb":{"@id":"https:\/\/www.felice-cortes.com\/produkt\/hold-together-now-2023\/#breadcrumb"},"inLanguage":"en-US","potentialAction":[{"@type":"ReadAction","target":["https:\/\/www.felice-cortes.com\/produkt\/hold-together-now-2023\/"]}]},{"@type":"ImageObject","inLanguage":"en-US","@id":"https:\/\/www.felice-cortes.com\/produkt\/hold-together-now-2023\/#primaryimage","url":"https:\/\/www.felice-cortes.com\/wp-content\/uploads\/2023\/11\/Felice_Hold_Together_Now_Cover_Page_1-scaled.jpg","contentUrl":"https:\/\/www.felice-cortes.com\/wp-content\/uploads\/2023\/11\/Felice_Hold_Together_Now_Cover_Page_1-scaled.jpg","width":2560,"height":2560,"caption":"Felice - Hold Together Now"},{"@type":"BreadcrumbList","@id":"https:\/\/www.felice-cortes.com\/produkt\/hold-together-now-2023\/#breadcrumb","itemListElement":[{"@type":"ListItem","position":1,"name":"Home","item":"https:\/\/www.felice-cortes.com\/"},{"@type":"ListItem","position":2,"name":"Shop","item":"https:\/\/www.felice-cortes.com\/shop\/"},{"@type":"ListItem","position":3,"name":"Hold Together Now (2023)"}]},{"@type":"WebSite","@id":"https:\/\/www.felice-cortes.com\/#website","url":"https:\/\/www.felice-cortes.com\/","name":"Felice &amp; Cortes Young","description":"Show Concerts &amp; more","potentialAction":[{"@type":"SearchAction","target":{"@type":"EntryPoint","urlTemplate":"https:\/\/www.felice-cortes.com\/?s={search_term_string}"},"query-input":{"@type":"PropertyValueSpecification","valueRequired":true,"valueName":"search_term_string"}}],"inLanguage":"en-US"}]}},"_links":{"self":[{"href":"https:\/\/www.felice-cortes.com\/en\/wp-json\/wp\/v2\/product\/9733","targetHints":{"allow":["GET"]}}],"collection":[{"href":"https:\/\/www.felice-cortes.com\/en\/wp-json\/wp\/v2\/product"}],"about":[{"href":"https:\/\/www.felice-cortes.com\/en\/wp-json\/wp\/v2\/types\/product"}],"replies":[{"embeddable":true,"href":"https:\/\/www.felice-cortes.com\/en\/wp-json\/wp\/v2\/comments?post=9733"}],"wp:featuredmedia":[{"embeddable":true,"href":"https:\/\/www.felice-cortes.com\/en\/wp-json\/wp\/v2\/media\/9735"}],"wp:attachment":[{"href":"https:\/\/www.felice-cortes.com\/en\/wp-json\/wp\/v2\/media?parent=9733"}],"wp:term":[{"taxonomy":"product_cat","embeddable":true,"href":"https:\/\/www.felice-cortes.com\/en\/wp-json\/wp\/v2\/product_cat?post=9733"},{"taxonomy":"product_tag","embeddable":true,"href":"https:\/\/www.felice-cortes.com\/en\/wp-json\/wp\/v2\/product_tag?post=9733"}],"curies":[{"name":"wp","href":"https:\/\/api.w.org\/{rel}","templated":true}]}}